{"id":5648125,"date":"2020-07-02T08:46:00","date_gmt":"2020-07-02T11:46:00","guid":{"rendered":"http:\/\/igaviascience.com\/?page_id=5648125"},"modified":"2021-06-07T20:30:19","modified_gmt":"2021-06-07T23:30:19","slug":"about-us","status":"publish","type":"page","link":"https:\/\/igaviascience.com\/es\/about-us\/","title":{"rendered":"Sobre Nosotros"},"content":{"rendered":"<section class=\"vc_section sectionPages\"><div class=\"vc_row wpb_row vc_row-fluid MB30\"><div class=\"wpb_column vc_column_container vc_col-sm-12\"><div class=\"vc_column-inner\"><div class=\"wpb_wrapper\">\n\t<div class=\"wpb_text_column wpb_content_element\" >\n\t\t<div class=\"wpb_wrapper\">\n\t\t\t<h2 style=\"text-align: center;\">Sobre Nosotros<\/h2>\n\n\t\t<\/div>\n\t<\/div>\n<\/div><\/div><\/div><\/div><div class=\"vc_row wpb_row vc_row-fluid\"><div class=\"wpb_column vc_column_container vc_col-sm-6\"><div class=\"vc_column-inner\"><div class=\"wpb_wrapper\">\n\t<div  class=\"wpb_single_image wpb_content_element vc_align_center   cinta uno wi95\">\n\t\t\n\t\t<figure class=\"wpb_wrapper vc_figure\">\n\t\t\t<div class=\"vc_single_image-wrapper   vc_box_border_grey\"><img loading=\"lazy\" decoding=\"async\" width=\"654\" height=\"425\" src=\"https:\/\/igaviascience.com\/wp-content\/uploads\/2020\/07\/1a.jpg\" class=\"vc_single_image-img attachment-full\" alt=\"\" srcset=\"https:\/\/igaviascience.com\/wp-content\/uploads\/2020\/07\/1a.jpg 654w, https:\/\/igaviascience.com\/wp-content\/uploads\/2020\/07\/1a-300x195.jpg 300w\" sizes=\"auto, (max-width: 654px) 100vw, 654px\" \/><\/div>\n\t\t<\/figure>\n\t<\/div>\n<\/div><\/div><\/div><div class=\"wpb_column vc_column_container vc_col-sm-6\"><div class=\"vc_column-inner\"><div class=\"wpb_wrapper\"><div class=\"vc_empty_space\"   style=\"height: 20px\"><span class=\"vc_empty_space_inner\"><\/span><\/div>\n\t<div class=\"wpb_text_column wpb_content_element\" >\n\t\t<div class=\"wpb_wrapper\">\n\t\t\t<p><span style=\"font-weight: 400;\"><strong>IGAVIA SCIENCE<\/strong> es una firma de consultor\u00eda para aplicaciones FDA y otras entidades de control que provee servicios completos para dispositivos m\u00e9dicos, IVD, OTC y cosm\u00e9ticos. Nuestras capacidades incluyen todos los aspectos regulatorios y de cumplimiento del desarrollo de dispositivos y productos combinados. Nuestra experiencia con dispositivos m\u00e9dicos (que abarca todas las clases de clasificaci\u00f3n, una amplia gama de indicaciones) y productos IVD, OTC y cosm\u00e9ticos.<\/span><\/p>\n<p><span style=\"font-weight: 400;\">Nuestro objetivo es brindar a los clientes un conocimiento cient\u00edfico en  \u00e1reas de asuntos regulatorios y cumplimiento con FDA y globales, para ayudarlos a alcanzar sus objetivos comerciales. Nuestros principios y valores corporativos s\u00f3lidos han guiado a nuestros consultores y clientes hacia el logro de los m\u00e1s altos niveles de \u00e9xito.<\/span><\/p>\n<p><span style=\"font-weight: 400;\">Estamos altamente calificados para ser soporte durante todas las fases del desarrollo del producto, a trav\u00e9s del proceso de aprobaci\u00f3n y con los requisitos posteriores a la comercializaci\u00f3n.\u00a0<\/span><\/p>\n<p><span style=\"font-weight: 400;\">Los consultores de Igavia Science tienen experiencia en el uso de m\u00faltiples sistemas. Esto acelera el proceso de incorporaci\u00f3n para comenzar a trabajar.<\/span><\/p>\n\n\t\t<\/div>\n\t<\/div>\n<div class=\"vc_empty_space\"   style=\"height: 10px\"><span class=\"vc_empty_space_inner\"><\/span><\/div>\n\t<div class=\"wpb_text_column wpb_content_element\" >\n\t\t<div class=\"wpb_wrapper\">\n\t\t\t<p><button id=\"toggle\" class=\"btn btn-flat btn-large btn1x\">LEER M\u00c1S \u2193<\/button><\/p>\n\n\t\t<\/div>\n\t<\/div>\n\n\t<div class=\"wpb_text_column wpb_content_element\" >\n\t\t<div class=\"wpb_wrapper\">\n\t\t\t<p><button id=\"toggle2\" class=\"btn btn-flat btn-large btn1x\">LEER M\u00c1S \u2193<\/button><\/p>\n\n\t\t<\/div>\n\t<\/div>\n<\/div><\/div><\/div><\/div><div class=\"vc_row wpb_row vc_row-fluid\"><div class=\"wpb_column vc_column_container vc_col-sm-12\"><div class=\"vc_column-inner\"><div class=\"wpb_wrapper\"><div class=\"vc_empty_space\"   style=\"height: 25px\"><span class=\"vc_empty_space_inner\"><\/span><\/div><\/div><\/div><\/div><\/div><div id=\"text\" class=\"vc_row wpb_row vc_row-fluid\"><div class=\"wpb_column vc_column_container vc_col-sm-6\"><div class=\"vc_column-inner\"><div class=\"wpb_wrapper\"><div class=\"vc_empty_space\"   style=\"height: 15px\"><span class=\"vc_empty_space_inner\"><\/span><\/div>\n\t<div  class=\"wpb_single_image wpb_content_element vc_align_right\">\n\t\t\n\t\t<figure class=\"wpb_wrapper vc_figure\">\n\t\t\t<div class=\"vc_single_image-wrapper vc_box_shadow_border  vc_box_border_grey\"><img loading=\"lazy\" decoding=\"async\" width=\"644\" height=\"471\" src=\"https:\/\/igaviascience.com\/wp-content\/uploads\/2020\/07\/2a.jpg\" class=\"vc_single_image-img attachment-full\" alt=\"\" srcset=\"https:\/\/igaviascience.com\/wp-content\/uploads\/2020\/07\/2a.jpg 644w, https:\/\/igaviascience.com\/wp-content\/uploads\/2020\/07\/2a-300x219.jpg 300w\" sizes=\"auto, (max-width: 644px) 100vw, 644px\" \/><\/div>\n\t\t<\/figure>\n\t<\/div>\n<\/div><\/div><\/div><div class=\"wpb_column vc_column_container vc_col-sm-6\"><div class=\"vc_column-inner\"><div class=\"wpb_wrapper\">\n\t<div class=\"wpb_text_column wpb_content_element\" >\n\t\t<div class=\"wpb_wrapper\">\n\t\t\t<p>- Soporte regulatorio y gesti\u00f3n del ciclo de vida de productos.<br \/>\n- Dossiers completos actualizaciones.<br \/>\n- Seguimiento del proceso de registro \/ habilitaciones \/  notificaciones.<\/p>\n<p>Prestamos atenci\u00f3n expl\u00edcita a la personalidad y valores centrales para garantizar un buen ajuste cultural con el equipo. Durante todo el proyecto, nuestros consultores son supervisados continuamente para garantizar que estamos superando sus expectativas. Un l\u00edder de proyecto se mantendr\u00e1 en contacto con usted para asegurarse de que est\u00e9 completamente satisfecho con el desempe\u00f1o y abordar cualquier situaci\u00f3n que pueda surgir. Tambi\u00e9n se asigna un administrador de cuentas a cada cliente para garantizar la simplicidad y facilidad del contacto y adelantarse a la necesidad de recursos con los que deseen contar.<\/p>\n<p><span style=\"font-weight: 400;\">Nuestra experiencia multidisciplinaria nos permite reaccionar sensiblemente, incluso con poca anticipaci\u00f3n, y coordinar r\u00e1pidamente el staff con las necesidades del Cliente en los sectores de nicho e industrias principales.<\/span><\/p>\n<hr \/>\n<p><strong>EXPERIENCIA<\/strong><\/p>\n<p><span style=\"font-weight: 400;\">iGavia <\/span><b>S<\/b><span style=\"font-weight: 400;\">cience tiene sus inicios en el Sector de Ciencias en cooperaci\u00f3n con el conocimiento desde la industria y la visi\u00f3n estrat\u00e9gica.<\/span><\/p>\n<p><span style=\"font-weight: 400;\">Desde entonces, iG. <\/span><b>S<\/b><span style=\"font-weight: 400;\">cience ha experimentado un r\u00e1pido crecimiento, expandi\u00e9ndose a los principales destinos de gesti\u00f3n para convertirse en una organizaci\u00f3n admirada de <\/span><b>consultor\u00eda cient\u00edfico - regulatoria.<\/b><span style=\"font-weight: 400;\"> organization.<\/span><\/p>\n\n\t\t<\/div>\n\t<\/div>\n<\/div><\/div><\/div><\/div><div id=\"text2\" class=\"vc_row wpb_row vc_row-fluid\"><div class=\"wpb_column vc_column_container vc_col-sm-6\"><div class=\"vc_column-inner\"><div class=\"wpb_wrapper\"><div class=\"vc_empty_space\"   style=\"height: 15px\"><span class=\"vc_empty_space_inner\"><\/span><\/div>\n\t<div  class=\"wpb_single_image wpb_content_element vc_align_right\">\n\t\t\n\t\t<figure class=\"wpb_wrapper vc_figure\">\n\t\t\t<div class=\"vc_single_image-wrapper vc_box_shadow_border  vc_box_border_grey\"><img loading=\"lazy\" decoding=\"async\" width=\"644\" height=\"471\" src=\"https:\/\/igaviascience.com\/wp-content\/uploads\/2020\/07\/2a.jpg\" class=\"vc_single_image-img attachment-full\" alt=\"\" srcset=\"https:\/\/igaviascience.com\/wp-content\/uploads\/2020\/07\/2a.jpg 644w, https:\/\/igaviascience.com\/wp-content\/uploads\/2020\/07\/2a-300x219.jpg 300w\" sizes=\"auto, (max-width: 644px) 100vw, 644px\" \/><\/div>\n\t\t<\/figure>\n\t<\/div>\n<\/div><\/div><\/div><div class=\"wpb_column vc_column_container vc_col-sm-6\"><div class=\"vc_column-inner\"><div class=\"wpb_wrapper\">\n\t<div class=\"wpb_text_column wpb_content_element\" >\n\t\t<div class=\"wpb_wrapper\">\n\t\t\t<p>- Soporte regulatorio y gesti\u00f3n del ciclo de vida de productos.<br \/>\n- Dossiers completos actualizaciones.<br \/>\n- Seguimiento del proceso de registro \/ habilitaciones \/  notificaciones.<\/p>\n<p>Prestamos atenci\u00f3n expl\u00edcita a la personalidad y valores centrales para garantizar un buen ajuste cultural con el equipo. Durante todo el proyecto, nuestros consultores son supervisados continuamente para garantizar que estamos superando sus expectativas. Un l\u00edder de proyecto se mantendr\u00e1 en contacto con usted para asegurarse de que est\u00e9 completamente satisfecho con el desempe\u00f1o y abordar cualquier situaci\u00f3n que pueda surgir. Tambi\u00e9n se asigna un administrador de cuentas a cada cliente para garantizar la simplicidad y facilidad del contacto y adelantarse a la necesidad de recursos con los que deseen contar.<\/p>\n<p><span style=\"font-weight: 400;\">Nuestra experiencia multidisciplinaria nos permite reaccionar sensiblemente, incluso con poca anticipaci\u00f3n, y coordinar r\u00e1pidamente el staff con las necesidades del Cliente en los sectores de nicho e industrias principales.<\/span><\/p>\n<hr \/>\n<p><strong>EXPERIENCIA<\/strong><\/p>\n<p><span style=\"font-weight: 400;\">iGavia <\/span><b>S<\/b><span style=\"font-weight: 400;\">cience tiene sus inicios en el Sector de Ciencias en cooperaci\u00f3n con el conocimiento desde la industria y la visi\u00f3n estrat\u00e9gica.<\/span><\/p>\n<p><span style=\"font-weight: 400;\">Desde entonces, iG. <\/span><b>S<\/b><span style=\"font-weight: 400;\">cience ha experimentado un r\u00e1pido crecimiento, expandi\u00e9ndose a los principales destinos de gesti\u00f3n para convertirse en una organizaci\u00f3n admirada de <\/span><b>consultor\u00eda cient\u00edfico - regulatoria.<\/b><span style=\"font-weight: 400;\"> organization.<\/span><\/p>\n\n\t\t<\/div>\n\t<\/div>\n<\/div><\/div><\/div><\/div><\/section><div data-vc-full-width=\"true\" data-vc-full-width-init=\"false\" class=\"vc_row wpb_row vc_row-fluid vc_custom_1502786460554 vc_row-has-fill vc_row-o-equal-height vc_row-flex\"><div class=\"wpb_column vc_column_container vc_col-sm-12\"><div class=\"vc_column-inner\"><div class=\"wpb_wrapper\"><div class=\"vc_empty_space  norebro-phone-space\"   style=\"height: 100px\"><span class=\"vc_empty_space_inner\"><\/span><\/div><\/div><\/div><\/div><\/div><div class=\"vc_row-full-width vc_clearfix\"><\/div><div data-vc-full-width=\"true\" data-vc-full-width-init=\"false\" class=\"vc_row wpb_row vc_row-fluid vc_custom_1502787447894 vc_row-has-fill vc_row-o-equal-height vc_row-o-content-middle vc_row-flex\"><div class=\"wpb_column vc_column_container vc_col-sm-6\"><div class=\"vc_column-inner\"><div class=\"wpb_wrapper\"><div class=\"norebro-heading-sc heading nor-heading-xs text-left\"\n\tid=\"norebro-custom-69e1e1b96428b\" \n\t \n\t>\n\t\n\t\t\t<p class=\"subtitle\">\n\t\t\tNuestro objetivo es facilitar la creaci\u00f3n de un entorno empresarial positivo apoyado en un equipo adecuado, moderno y eficiente, aspectos claves para estimular la expansi\u00f3n empresarial.\t\t<\/p>\n\t\n\t\n\t<h3 class=\"title subtitle-top\">\n\t\tTiene un Pr\u00f8yecto?<br class=\"vc_hidden-xs\"\nLet's make something great!\t<\/h3>\n\n\t\n\t\t\n<\/div><div class=\"vc_empty_space\"   style=\"height: 10px\"><span class=\"vc_empty_space_inner\"><\/span><\/div><div class=\"norebro-contact-from-sc contact-form  text-left classic\"\n\tid=\"norebro-custom-69e1e1b964361\" \n\t \n\t>\n\n\t<div role=\"form\" class=\"wpcf7\" id=\"wpcf7-f6-o1\" lang=\"es-AR\" dir=\"ltr\">\n<div class=\"screen-reader-response\"><\/div>\n<form action=\"\/es\/wp-json\/wp\/v2\/pages\/5648125#wpcf7-f6-o1\" method=\"post\" class=\"wpcf7-form\" novalidate=\"novalidate\" data-trp-original-action=\"\/es\/wp-json\/wp\/v2\/pages\/5648125#wpcf7-f6-o1\">\n<div style=\"display: none;\">\n<input type=\"hidden\" name=\"_wpcf7\" value=\"6\" \/>\n<input type=\"hidden\" name=\"_wpcf7_version\" value=\"5.1.7\" \/>\n<input type=\"hidden\" name=\"_wpcf7_locale\" value=\"es_AR\" \/>\n<input type=\"hidden\" name=\"_wpcf7_unit_tag\" value=\"wpcf7-f6-o1\" \/>\n<input type=\"hidden\" name=\"_wpcf7_container_post\" value=\"0\" \/>\n<input type=\"hidden\" name=\"g-recaptcha-response\" value=\"\" \/>\n<\/div>\n<div id=\"responsive-form\" class=\"clearfix\">\n<div class=\"form-row\">\n<div class=\"column-half\"><span class=\"wpcf7-form-control-wrap your-name\"><input type=\"text\" name=\"your-name\" value=\"\" size=\"40\" class=\"wpcf7-form-control wpcf7-text wpcf7-validates-as-required\" aria-required=\"true\" aria-invalid=\"false\" placeholder=\"Tu Nombre*\" \/><\/span> <\/div>\n<div class=\"column-half\"><span class=\"wpcf7-form-control-wrap your-email\"><input type=\"email\" name=\"your-email\" value=\"\" size=\"40\" class=\"wpcf7-form-control wpcf7-text wpcf7-email wpcf7-validates-as-required wpcf7-validates-as-email\" aria-required=\"true\" aria-invalid=\"false\" placeholder=\"Tu Direcci\u00f3n de Email*\" \/><\/span><\/div>\n<\/div>\n<div class=\"form-row\">\n<div class=\"column-half\"><span class=\"wpcf7-form-control-wrap your-phone\"><input type=\"text\" name=\"your-phone\" value=\"\" size=\"40\" class=\"wpcf7-form-control wpcf7-text wpcf7-validates-as-required\" aria-required=\"true\" aria-invalid=\"false\" placeholder=\"Tu Tel\u00e9fono*\" \/><\/span> <\/div>\n<div class=\"column-half\"><span class=\"wpcf7-form-control-wrap your-area\"><select name=\"your-area\" class=\"wpcf7-form-control wpcf7-select wpcf7-validates-as-required\" aria-required=\"true\" aria-invalid=\"false\"><option value=\"\">Project Area*<\/option><option value=\"Cosmetics\">Cosm\u00e9ticos<\/option><option value=\"Medical Devices\">Dispositivos M\u00e9dicos<\/option><option value=\"OTC\">OTC<\/option><option value=\"Natural Medicine\">Natural Medicine<\/option><option value=\"Sanitizers\">Sanitizers<\/option><option value=\"Disinfectants\">Disinfectants<\/option><\/select><\/span><\/div>\n<\/div>\n<div class=\"form-row\">\n<div class=\"column-full\"><span class=\"wpcf7-form-control-wrap your-company\"><input type=\"text\" name=\"your-company\" value=\"\" size=\"40\" class=\"wpcf7-form-control wpcf7-text wpcf7-validates-as-required\" aria-required=\"true\" aria-invalid=\"false\" placeholder=\"Nombre de la Empresa*\" \/><\/span> <\/div>\n<\/div>\n<div class=\"form-row\">\n<div class=\"column-full\"><span class=\"wpcf7-form-control-wrap your-message\"><textarea name=\"your-message\" cols=\"40\" rows=\"10\" class=\"wpcf7-form-control wpcf7-textarea\" aria-invalid=\"false\" placeholder=\"Mensaje...\"><\/textarea><\/span> <\/div>\n<\/div>\n<div class=\"form-row\">\n\n<div class=\"column-full\"><input type=\"submit\" value=\"Enviar Mensaje\" class=\"wpcf7-form-control wpcf7-submit\" \/><\/div>\n<\/div>\n<\/div>\n<div class=\"wpcf7-response-output wpcf7-display-none\"><\/div><input type=\"hidden\" name=\"trp-form-language\" value=\"es\"\/><\/form><\/div>\n\t<div class=\"hidden\" data-contact-btn=\"true\">\n\t\t<button class=\"btn  btn-outline btn-brand\">\n\t\t\t<span class=\"btn-load\"><\/span>\n\t\t\t<span class=\"text\"><\/span>\n\t\t<\/button>\n\t<\/div>\n<\/div><div class=\"vc_empty_space  vc_hidden-lg vc_hidden-md\"   style=\"height: 60px\"><span class=\"vc_empty_space_inner\"><\/span><\/div><\/div><\/div><\/div><div class=\"full-height wpb_column vc_column_container vc_col-sm-6\"><div class=\"vc_column-inner\"><div class=\"wpb_wrapper\">\n\t<div  class=\"wpb_single_image wpb_content_element vc_align_left   cinta uno wi95\">\n\t\t\n\t\t<figure class=\"wpb_wrapper vc_figure\">\n\t\t\t<div class=\"vc_single_image-wrapper   vc_box_border_grey\"><img loading=\"lazy\" decoding=\"async\" width=\"663\" height=\"532\" src=\"https:\/\/igaviascience.com\/wp-content\/uploads\/2020\/07\/aaa3.jpg\" class=\"vc_single_image-img attachment-full\" alt=\"Approval FDA Services\" srcset=\"https:\/\/igaviascience.com\/wp-content\/uploads\/2020\/07\/aaa3.jpg 663w, https:\/\/igaviascience.com\/wp-content\/uploads\/2020\/07\/aaa3-300x241.jpg 300w\" sizes=\"auto, (max-width: 663px) 100vw, 663px\" \/><\/div>\n\t\t<\/figure>\n\t<\/div>\n<\/div><\/div><\/div><\/div><div class=\"vc_row-full-width vc_clearfix\"><\/div><div data-vc-full-width=\"true\" data-vc-full-width-init=\"false\" data-vc-stretch-content=\"true\" class=\"vc_row wpb_row vc_row-fluid vc_custom_1590993887269 vc_row-has-fill vc_row-o-equal-height vc_row-flex\"><div class=\"wpb_column vc_column_container vc_col-sm-12\"><div class=\"vc_column-inner\"><div class=\"wpb_wrapper\"><div class=\"vc_empty_space  norebro-phone-space\"   style=\"height: 80px\"><span class=\"vc_empty_space_inner\"><\/span><\/div>\n\t<div  class=\"wpb_single_image wpb_content_element vc_align_left   deco7x\">\n\t\t\n\t\t<figure class=\"wpb_wrapper vc_figure\">\n\t\t\t<div class=\"vc_single_image-wrapper   vc_box_border_grey\"><img loading=\"lazy\" decoding=\"async\" width=\"185\" height=\"167\" src=\"https:\/\/igaviascience.com\/wp-content\/uploads\/2020\/06\/deco7.png\" class=\"vc_single_image-img attachment-full\" alt=\"benefits of having fda registration approval services\" \/><\/div>\n\t\t<\/figure>\n\t<\/div>\n<\/div><\/div><\/div><\/div><div class=\"vc_row-full-width vc_clearfix\"><\/div><div class=\"vc_row wpb_row vc_row-fluid\"><div class=\"wpb_column vc_column_container vc_col-sm-12\"><div class=\"vc_column-inner\"><div class=\"wpb_wrapper\">\n\t<div class=\"wpb_raw_code wpb_content_element wpb_raw_html\" >\n\t\t<div class=\"wpb_wrapper\">\n\t\t\t<a id=\"button\"><\/a>\n\n<script>\nvar btn = jQuery('#button');\n\njQuery(window).scroll(function() {\n  if (jQuery(window).scrollTop() > 10) {\n    btn.addClass('show');\n  } else {\n    btn.removeClass('show');\n  }\n});\n\nbtn.on('click', function(e) {\n  e.preventDefault();\n  jQuery('html, body').animate({scrollTop:0}, '300');\n});\n<\/script>\n\t\t<\/div>\n\t<\/div>\n<\/div><\/div><\/div><\/div>","protected":false},"excerpt":{"rendered":"About Us IGAVIA SCIENCE is a full-service FDA consulting firm that provides an all-inclusive...","protected":false},"author":1,"featured_media":0,"parent":0,"menu_order":0,"comment_status":"closed","ping_status":"closed","template":"","meta":{"_mi_skip_tracking":false,"_monsterinsights_sitenote_active":false,"_monsterinsights_sitenote_note":"","_monsterinsights_sitenote_category":0,"footnotes":""},"class_list":["post-5648125","page","type-page","status-publish","hentry"],"aioseo_notices":[],"_links":{"self":[{"href":"https:\/\/igaviascience.com\/es\/wp-json\/wp\/v2\/pages\/5648125","targetHints":{"allow":["GET"]}}],"collection":[{"href":"https:\/\/igaviascience.com\/es\/wp-json\/wp\/v2\/pages"}],"about":[{"href":"https:\/\/igaviascience.com\/es\/wp-json\/wp\/v2\/types\/page"}],"author":[{"embeddable":true,"href":"https:\/\/igaviascience.com\/es\/wp-json\/wp\/v2\/users\/1"}],"replies":[{"embeddable":true,"href":"https:\/\/igaviascience.com\/es\/wp-json\/wp\/v2\/comments?post=5648125"}],"version-history":[{"count":25,"href":"https:\/\/igaviascience.com\/es\/wp-json\/wp\/v2\/pages\/5648125\/revisions"}],"predecessor-version":[{"id":5648649,"href":"https:\/\/igaviascience.com\/es\/wp-json\/wp\/v2\/pages\/5648125\/revisions\/5648649"}],"wp:attachment":[{"href":"https:\/\/igaviascience.com\/es\/wp-json\/wp\/v2\/media?parent=5648125"}],"curies":[{"name":"wp","href":"https:\/\/api.w.org\/{rel}","templated":true}]}}