{"id":5648653,"date":"2021-06-09T19:32:36","date_gmt":"2021-06-09T22:32:36","guid":{"rendered":"https:\/\/igaviascience.com\/?page_id=5648653"},"modified":"2021-06-21T14:28:26","modified_gmt":"2021-06-21T17:28:26","slug":"natural-health-products-pharma","status":"publish","type":"page","link":"https:\/\/igaviascience.com\/es\/natural-health-products-pharma\/","title":{"rendered":"Medicina Natural &amp; Farma"},"content":{"rendered":"<section class=\"vc_section sectionPages\"><div class=\"vc_row wpb_row vc_row-fluid MB30\"><div class=\"wpb_column vc_column_container vc_col-sm-12\"><div class=\"vc_column-inner\"><div class=\"wpb_wrapper\">\n\t<div class=\"wpb_text_column wpb_content_element\" >\n\t\t<div class=\"wpb_wrapper\">\n\t\t\t<h2 style=\"text-align: center; margin-bottom: 10px;\">Medicina Natural &amp; Farma<\/h2>\n<hr class=\"hr11\" \/>\n\n\t\t<\/div>\n\t<\/div>\n<\/div><\/div><\/div><\/div><div class=\"vc_row wpb_row vc_row-fluid\"><div class=\"wpb_column vc_column_container vc_col-sm-6\"><div class=\"vc_column-inner\"><div class=\"wpb_wrapper\">\n\t<div  class=\"wpb_single_image wpb_content_element vc_align_right   cinta uno wi100\">\n\t\t\n\t\t<figure class=\"wpb_wrapper vc_figure\">\n\t\t\t<div class=\"vc_single_image-wrapper   vc_box_border_grey\"><img loading=\"lazy\" decoding=\"async\" width=\"380\" height=\"380\" src=\"https:\/\/igaviascience.com\/wp-content\/uploads\/2021\/06\/test2.jpg\" class=\"vc_single_image-img attachment-full\" alt=\"\" srcset=\"https:\/\/igaviascience.com\/wp-content\/uploads\/2021\/06\/test2.jpg 380w, https:\/\/igaviascience.com\/wp-content\/uploads\/2021\/06\/test2-150x150.jpg 150w, https:\/\/igaviascience.com\/wp-content\/uploads\/2021\/06\/test2-300x300.jpg 300w, https:\/\/igaviascience.com\/wp-content\/uploads\/2021\/06\/test2-200x200.jpg 200w\" sizes=\"auto, (max-width: 380px) 100vw, 380px\" \/><\/div>\n\t\t<\/figure>\n\t<\/div>\n<\/div><\/div><\/div><div class=\"arrowCel nobor wpb_column vc_column_container vc_col-sm-6\"><div class=\"vc_column-inner\"><div class=\"wpb_wrapper\"><div class=\"vc_empty_space\"   style=\"height: 32px\"><span class=\"vc_empty_space_inner\"><\/span><\/div>\n\t<div class=\"wpb_text_column wpb_content_element\" >\n\t\t<div class=\"wpb_wrapper\">\n\t\t\t<h3>Better Ch\u00f8ices <i class=\"fa fa-long-arrow-left\" aria-hidden=\"true\"><\/i><br \/>\nA better way to practice care<\/h3>\n<p><span style=\"font-weight: 400;\">Soporte regulatorio y de investigaci\u00f3n;  ensayos cl\u00ednicos en la industria nutrac\u00e9utica, brindando a clientes de todo el mundo servicios de alta calidad para llevar con \u00e9xito al mercado productos naturales para la salud siendo seguros y efectivos, incluyendo suplementos dietarios, nuevos ingredientes, alimentos funcionales y bebidas.<\/span><\/p>\n\n\t\t<\/div>\n\t<\/div>\n\n\t<div class=\"wpb_text_column wpb_content_element\" >\n\t\t<div class=\"wpb_wrapper\">\n\t\t\t<p><a class=\"contt1\" href=\"https:\/\/igaviascience.com\/es\/contact\/\">Cont\u00e1ctenos -  deje sus comentarios o preguntas<\/a><\/p>\n\n\t\t<\/div>\n\t<\/div>\n<\/div><\/div><\/div><\/div><div class=\"vc_row wpb_row vc_row-fluid\"><div class=\"wpb_column vc_column_container vc_col-sm-12\"><div class=\"vc_column-inner\"><div class=\"wpb_wrapper\"><div class=\"vc_separator wpb_content_element vc_separator_align_center vc_sep_width_100 vc_sep_pos_align_center vc_separator_no_text vc_sep_color_grey vc_custom_1595349527125  vc_custom_1595349527125\" ><span class=\"vc_sep_holder vc_sep_holder_l\"><span  class=\"vc_sep_line\"><\/span><\/span><span class=\"vc_sep_holder vc_sep_holder_r\"><span  class=\"vc_sep_line\"><\/span><\/span>\n<\/div><\/div><\/div><\/div><\/div><div class=\"vc_row wpb_row vc_row-fluid\"><div class=\"arrowCel nobor wpb_column vc_column_container vc_col-sm-6\"><div class=\"vc_column-inner\"><div class=\"wpb_wrapper\"><div class=\"vc_empty_space\"   style=\"height: 32px\"><span class=\"vc_empty_space_inner\"><\/span><\/div>\n\t<div  class=\"wpb_single_image wpb_content_element vc_align_right   cinta uno m-l10\">\n\t\t\n\t\t<figure class=\"wpb_wrapper vc_figure\">\n\t\t\t<div class=\"vc_single_image-wrapper   vc_box_border_grey\"><img loading=\"lazy\" decoding=\"async\" width=\"590\" height=\"270\" src=\"https:\/\/igaviascience.com\/wp-content\/uploads\/2021\/06\/natural_product_2.jpg\" class=\"vc_single_image-img attachment-full\" alt=\"\" srcset=\"https:\/\/igaviascience.com\/wp-content\/uploads\/2021\/06\/natural_product_2.jpg 590w, https:\/\/igaviascience.com\/wp-content\/uploads\/2021\/06\/natural_product_2-300x137.jpg 300w\" sizes=\"auto, (max-width: 590px) 100vw, 590px\" \/><\/div>\n\t\t<\/figure>\n\t<\/div>\n<div class=\"vc_empty_space\"   style=\"height: 20px\"><span class=\"vc_empty_space_inner\"><\/span><\/div>\n\t<div class=\"wpb_text_column wpb_content_element\" >\n\t\t<div class=\"wpb_wrapper\">\n\t\t\t<h3>Cannabis Industry unlock the true value<\/h3>\n<p>Reconocido en la ciencia y la regulaci\u00f3n de los compuestos cannabinoides dentro de la medicina de productos naturales para la salud, ampliando experiencias en la industria para incluir el cannabis (CBD) y productos derivados del c\u00e1\u00f1amo.<\/p>\n<p>Igavia se centra en brindar apoyo regulatorio y realizar ensayos cl\u00ednicos para ayudar a llevar al mercado productos de salud innovadores y seguros.<\/p>\n\n\t\t<\/div>\n\t<\/div>\n<\/div><\/div><\/div><div class=\"arrowCel nobor wpb_column vc_column_container vc_col-sm-6\"><div class=\"vc_column-inner\"><div class=\"wpb_wrapper\"><div class=\"vc_empty_space\"   style=\"height: 32px\"><span class=\"vc_empty_space_inner\"><\/span><\/div>\n\t<div  class=\"wpb_single_image wpb_content_element vc_align_right   cinta uno m-l10\">\n\t\t\n\t\t<figure class=\"wpb_wrapper vc_figure\">\n\t\t\t<div class=\"vc_single_image-wrapper   vc_box_border_grey\"><img loading=\"lazy\" decoding=\"async\" width=\"590\" height=\"270\" src=\"https:\/\/igaviascience.com\/wp-content\/uploads\/2021\/06\/pharma-product.jpg\" class=\"vc_single_image-img attachment-full\" alt=\"pharma_product\" srcset=\"https:\/\/igaviascience.com\/wp-content\/uploads\/2021\/06\/pharma-product.jpg 590w, https:\/\/igaviascience.com\/wp-content\/uploads\/2021\/06\/pharma-product-300x137.jpg 300w\" sizes=\"auto, (max-width: 590px) 100vw, 590px\" \/><\/div>\n\t\t<\/figure>\n\t<\/div>\n<div class=\"vc_empty_space\"   style=\"height: 20px\"><span class=\"vc_empty_space_inner\"><\/span><\/div>\n\t<div class=\"wpb_text_column wpb_content_element\" >\n\t\t<div class=\"wpb_wrapper\">\n\t\t\t<h3>Productos Farmac\u00e9uticos | Medicamentos<\/h3>\n<p>Ensayos cl\u00ednicos y servicios completos de apoyo t\u00e9cnico y reclutamiento.<\/p>\n<p>Igavia proporciona una integraci\u00f3n perfecta en ensayos farmac\u00e9uticos multic\u00e9ntricos, lo que ayuda en el reclutamiento de participantes, la ejecuci\u00f3n del estudio, la recopilaci\u00f3n de datos y el monitoreo.<\/p>\n\n\t\t<\/div>\n\t<\/div>\n<\/div><\/div><\/div><\/div><div class=\"vc_row wpb_row vc_row-fluid\"><div class=\"wpb_column vc_column_container vc_col-sm-12\"><div class=\"vc_column-inner\"><div class=\"wpb_wrapper\"><div class=\"vc_separator wpb_content_element vc_separator_align_center vc_sep_width_100 vc_sep_pos_align_center vc_separator_no_text vc_sep_color_grey vc_custom_1595349527125  vc_custom_1595349527125\" ><span class=\"vc_sep_holder vc_sep_holder_l\"><span  class=\"vc_sep_line\"><\/span><\/span><span class=\"vc_sep_holder vc_sep_holder_r\"><span  class=\"vc_sep_line\"><\/span><\/span>\n<\/div><\/div><\/div><\/div><\/div><div class=\"vc_row wpb_row vc_row-fluid MB30\"><div class=\"wpb_column vc_column_container vc_col-sm-7\"><div class=\"vc_column-inner\"><div class=\"wpb_wrapper\">\n\t<div class=\"wpb_text_column wpb_content_element\" >\n\t\t<div class=\"wpb_wrapper\">\n\t\t\t<h2 style=\"margin: 0;\">Servici\u00f8s Internacionales <i class=\"fa fa-long-arrow-left\" aria-hidden=\"true\"><\/i><\/h2>\n\n\t\t<\/div>\n\t<\/div>\n\n\t<div class=\"wpb_raw_code wpb_content_element wpb_raw_html\" >\n\t\t<div class=\"wpb_wrapper\">\n\t\t\t<table>\n  <thead>\n    <tr>\n      <th>Region Global<\/th>\n      <th>Preparaci\u00f3n de dossiers (informes t\u00e9cnicos) por pa\u00edses<\/th>     \n    <\/tr>\n  <\/thead>\n  <tbody>\n    <tr>\n      <td data-column=\"Global Region\">ASEAN<\/td>\n      <td data-column=\"Countries\">India,  Birmania, Filipinas, Camboya<\/td>\n    <\/tr>\n    <tr>\n      <td data-column=\"Global Region\">Latinoam\u00e9rica<\/td>\n      <td data-column=\"Countries\">Brasil, Bolivia, Costa Rica, Guatemala, Nicaragua, Rep\u00fablica Dominicana<\/td>\n    <\/tr>\n    <tr>\n      <td data-column=\"Global Region\">MENA<\/td>\n      <td data-column=\"Countries\">Yemen, Kuwait<\/td>\n    <\/tr>\n    <tr>\n      <td data-column=\"Global Region\">Norte Am\u00e9rica<\/td>\n      <td data-column=\"Countries\">Estados Unidos, Canad\u00e1, M\u00e9xico<\/td>\n    <\/tr>\n    <tr>\n      <td data-column=\"Global Region\">Africa<\/td>\n      <td data-column=\"Countries\">Botswana, Nigeria, Tanzania, Uganda, Kenya, Malawi, Zambia, DR Congo, Mozambique<\/td>\n    <\/tr>\n    <tr>\n      <td data-column=\"Global Region\">CIS<\/td>\n      <td data-column=\"Countries\">Turkmenistan, Azerbaijan, Georgia, Uzbekistan, Kazakhstan, Armenia, Kyrgyzstan<\/td>\n    <\/tr>\n  <\/tbody>\n<\/table>\n\t\t<\/div>\n\t<\/div>\n<\/div><\/div><\/div><div class=\"arrowCel wpb_column vc_column_container vc_col-sm-5\"><div class=\"vc_column-inner\"><div class=\"wpb_wrapper\"><div class=\"vc_empty_space\"   style=\"height: 20px\"><span class=\"vc_empty_space_inner\"><\/span><\/div>\n\t<div class=\"wpb_text_column wpb_content_element\" >\n\t\t<div class=\"wpb_wrapper\">\n\t\t\t<p><i class=\"fa fa-long-arrow-right\" aria-hidden=\"true\"><\/i> Preparaci\u00f3n y compilaci\u00f3n de expedientes ACTD, CTD en formato regional de acuerdo con las directrices espec\u00edficas del pa\u00eds. {ASEAN Common Technical Dossier, Common Technical Dossier}<\/p>\n\n\t\t<\/div>\n\t<\/div>\n\n\t<div class=\"wpb_text_column wpb_content_element\" >\n\t\t<div class=\"wpb_wrapper\">\n\t\t\t<p><i class=\"fa fa-long-arrow-right\" aria-hidden=\"true\"><\/i>\u00a0Revisi\u00f3n de expedientes seg\u00fan la normativa espec\u00edfica de cada pa\u00eds.<\/p>\n\n\t\t<\/div>\n\t<\/div>\n\n\t<div class=\"wpb_text_column wpb_content_element\" >\n\t\t<div class=\"wpb_wrapper\">\n\t\t\t<p><i class=\"fa fa-long-arrow-right\" aria-hidden=\"true\"><\/i>\u00a0Descripci\u00f3n de los requisitos de etiquetado, condiciones de almacenamiento y envasado seg\u00fan las directrices.<\/p>\n\n\t\t<\/div>\n\t<\/div>\n<div class=\"vc_empty_space\"   style=\"height: 20px\"><span class=\"vc_empty_space_inner\"><\/span><\/div><\/div><\/div><\/div><\/div><div class=\"vc_row wpb_row vc_row-fluid\"><div class=\"wpb_column vc_column_container vc_col-sm-12\"><div class=\"vc_column-inner\"><div class=\"wpb_wrapper\">\n\t<div  class=\"wpb_single_image wpb_content_element vc_align_center\">\n\t\t\n\t\t<figure class=\"wpb_wrapper vc_figure\">\n\t\t\t<div class=\"vc_single_image-wrapper   vc_box_border_grey\"><img loading=\"lazy\" decoding=\"async\" width=\"275\" height=\"255\" src=\"https:\/\/igaviascience.com\/wp-content\/uploads\/2021\/06\/supplements_.jpg\" class=\"vc_single_image-img attachment-full\" alt=\"\" \/><\/div>\n\t\t<\/figure>\n\t<\/div>\n<\/div><\/div><\/div><\/div><\/section><div data-vc-full-width=\"true\" data-vc-full-width-init=\"false\" class=\"vc_row wpb_row vc_row-fluid vc_custom_1502786460554 vc_row-has-fill vc_row-o-equal-height vc_row-flex\"><div class=\"wpb_column vc_column_container vc_col-sm-12\"><div class=\"vc_column-inner\"><div class=\"wpb_wrapper\"><div class=\"vc_empty_space  norebro-phone-space\"   style=\"height: 100px\"><span class=\"vc_empty_space_inner\"><\/span><\/div><\/div><\/div><\/div><\/div><div class=\"vc_row-full-width vc_clearfix\"><\/div><div data-vc-full-width=\"true\" data-vc-full-width-init=\"false\" class=\"vc_row wpb_row vc_row-fluid vc_custom_1502787447894 vc_row-has-fill vc_row-o-equal-height vc_row-o-content-middle vc_row-flex\"><div class=\"wpb_column vc_column_container vc_col-sm-6\"><div class=\"vc_column-inner\"><div class=\"wpb_wrapper\"><div class=\"norebro-heading-sc heading nor-heading-xs text-left\"\n\tid=\"norebro-custom-69e1e3e320c26\" \n\t \n\t>\n\t\n\t\t\t<p class=\"subtitle\">\n\t\t\tNuestro objetivo es facilitar la creaci\u00f3n de un entorno empresarial positivo apoyado en un equipo adecuado, moderno y eficiente, aspectos claves para estimular la expansi\u00f3n empresarial.\t\t<\/p>\n\t\n\t\n\t<h3 class=\"title subtitle-top\">\n\t\tTiene un Pr\u00f8yecto?<br class=\"vc_hidden-xs\"\nLet's make something great!\t<\/h3>\n\n\t\n\t\t\n<\/div><div class=\"vc_empty_space\"   style=\"height: 10px\"><span class=\"vc_empty_space_inner\"><\/span><\/div><div class=\"norebro-contact-from-sc contact-form  text-left classic\"\n\tid=\"norebro-custom-69e1e3e320cbc\" \n\t \n\t>\n\n\t<div role=\"form\" class=\"wpcf7\" id=\"wpcf7-f6-o1\" lang=\"es-AR\" dir=\"ltr\">\n<div class=\"screen-reader-response\"><\/div>\n<form action=\"\/es\/wp-json\/wp\/v2\/pages\/5648653#wpcf7-f6-o1\" method=\"post\" class=\"wpcf7-form\" novalidate=\"novalidate\" data-trp-original-action=\"\/es\/wp-json\/wp\/v2\/pages\/5648653#wpcf7-f6-o1\">\n<div style=\"display: none;\">\n<input type=\"hidden\" name=\"_wpcf7\" value=\"6\" \/>\n<input type=\"hidden\" name=\"_wpcf7_version\" value=\"5.1.7\" \/>\n<input type=\"hidden\" name=\"_wpcf7_locale\" value=\"es_AR\" \/>\n<input type=\"hidden\" name=\"_wpcf7_unit_tag\" value=\"wpcf7-f6-o1\" \/>\n<input type=\"hidden\" name=\"_wpcf7_container_post\" value=\"0\" \/>\n<input type=\"hidden\" name=\"g-recaptcha-response\" value=\"\" \/>\n<\/div>\n<div id=\"responsive-form\" class=\"clearfix\">\n<div class=\"form-row\">\n<div class=\"column-half\"><span class=\"wpcf7-form-control-wrap your-name\"><input type=\"text\" name=\"your-name\" value=\"\" size=\"40\" class=\"wpcf7-form-control wpcf7-text wpcf7-validates-as-required\" aria-required=\"true\" aria-invalid=\"false\" placeholder=\"Tu Nombre*\" \/><\/span> <\/div>\n<div class=\"column-half\"><span class=\"wpcf7-form-control-wrap your-email\"><input type=\"email\" name=\"your-email\" value=\"\" size=\"40\" class=\"wpcf7-form-control wpcf7-text wpcf7-email wpcf7-validates-as-required wpcf7-validates-as-email\" aria-required=\"true\" aria-invalid=\"false\" placeholder=\"Tu Direcci\u00f3n de Email*\" \/><\/span><\/div>\n<\/div>\n<div class=\"form-row\">\n<div class=\"column-half\"><span class=\"wpcf7-form-control-wrap your-phone\"><input type=\"text\" name=\"your-phone\" value=\"\" size=\"40\" class=\"wpcf7-form-control wpcf7-text wpcf7-validates-as-required\" aria-required=\"true\" aria-invalid=\"false\" placeholder=\"Tu Tel\u00e9fono*\" \/><\/span> <\/div>\n<div class=\"column-half\"><span class=\"wpcf7-form-control-wrap your-area\"><select name=\"your-area\" class=\"wpcf7-form-control wpcf7-select wpcf7-validates-as-required\" aria-required=\"true\" aria-invalid=\"false\"><option value=\"\">Project Area*<\/option><option value=\"Cosmetics\">Cosm\u00e9ticos<\/option><option value=\"Medical Devices\">Dispositivos M\u00e9dicos<\/option><option value=\"OTC\">OTC<\/option><option value=\"Natural Medicine\">Natural Medicine<\/option><option value=\"Sanitizers\">Sanitizers<\/option><option value=\"Disinfectants\">Disinfectants<\/option><\/select><\/span><\/div>\n<\/div>\n<div class=\"form-row\">\n<div class=\"column-full\"><span class=\"wpcf7-form-control-wrap your-company\"><input type=\"text\" name=\"your-company\" value=\"\" size=\"40\" class=\"wpcf7-form-control wpcf7-text wpcf7-validates-as-required\" aria-required=\"true\" aria-invalid=\"false\" placeholder=\"Nombre de la Empresa*\" \/><\/span> <\/div>\n<\/div>\n<div class=\"form-row\">\n<div class=\"column-full\"><span class=\"wpcf7-form-control-wrap your-message\"><textarea name=\"your-message\" cols=\"40\" rows=\"10\" class=\"wpcf7-form-control wpcf7-textarea\" aria-invalid=\"false\" placeholder=\"Mensaje...\"><\/textarea><\/span> <\/div>\n<\/div>\n<div class=\"form-row\">\n\n<div class=\"column-full\"><input type=\"submit\" value=\"Enviar Mensaje\" class=\"wpcf7-form-control wpcf7-submit\" \/><\/div>\n<\/div>\n<\/div>\n<div class=\"wpcf7-response-output wpcf7-display-none\"><\/div><input type=\"hidden\" name=\"trp-form-language\" value=\"es\"\/><\/form><\/div>\n\t<div class=\"hidden\" data-contact-btn=\"true\">\n\t\t<button class=\"btn  btn-outline btn-brand\">\n\t\t\t<span class=\"btn-load\"><\/span>\n\t\t\t<span class=\"text\"><\/span>\n\t\t<\/button>\n\t<\/div>\n<\/div><div class=\"vc_empty_space  vc_hidden-lg vc_hidden-md\"   style=\"height: 60px\"><span class=\"vc_empty_space_inner\"><\/span><\/div><\/div><\/div><\/div><div class=\"full-height wpb_column vc_column_container vc_col-sm-6\"><div class=\"vc_column-inner\"><div class=\"wpb_wrapper\">\n\t<div  class=\"wpb_single_image wpb_content_element vc_align_left   cinta uno wi95\">\n\t\t\n\t\t<figure class=\"wpb_wrapper vc_figure\">\n\t\t\t<div class=\"vc_single_image-wrapper   vc_box_border_grey\"><img loading=\"lazy\" decoding=\"async\" width=\"663\" height=\"532\" src=\"https:\/\/igaviascience.com\/wp-content\/uploads\/2020\/07\/aaa3.jpg\" class=\"vc_single_image-img attachment-full\" alt=\"Approval FDA Services\" srcset=\"https:\/\/igaviascience.com\/wp-content\/uploads\/2020\/07\/aaa3.jpg 663w, https:\/\/igaviascience.com\/wp-content\/uploads\/2020\/07\/aaa3-300x241.jpg 300w\" sizes=\"auto, (max-width: 663px) 100vw, 663px\" \/><\/div>\n\t\t<\/figure>\n\t<\/div>\n<\/div><\/div><\/div><\/div><div class=\"vc_row-full-width vc_clearfix\"><\/div><div data-vc-full-width=\"true\" data-vc-full-width-init=\"false\" data-vc-stretch-content=\"true\" class=\"vc_row wpb_row vc_row-fluid vc_custom_1590993887269 vc_row-has-fill vc_row-o-equal-height vc_row-flex\"><div class=\"wpb_column vc_column_container vc_col-sm-12\"><div class=\"vc_column-inner\"><div class=\"wpb_wrapper\"><div class=\"vc_empty_space  norebro-phone-space\"   style=\"height: 80px\"><span class=\"vc_empty_space_inner\"><\/span><\/div>\n\t<div  class=\"wpb_single_image wpb_content_element vc_align_left   deco7x\">\n\t\t\n\t\t<figure class=\"wpb_wrapper vc_figure\">\n\t\t\t<div class=\"vc_single_image-wrapper   vc_box_border_grey\"><img loading=\"lazy\" decoding=\"async\" width=\"185\" height=\"167\" src=\"https:\/\/igaviascience.com\/wp-content\/uploads\/2020\/06\/deco7.png\" class=\"vc_single_image-img attachment-full\" alt=\"benefits of having fda registration approval services\" \/><\/div>\n\t\t<\/figure>\n\t<\/div>\n<\/div><\/div><\/div><\/div><div class=\"vc_row-full-width vc_clearfix\"><\/div><div class=\"vc_row wpb_row vc_row-fluid\"><div class=\"wpb_column vc_column_container vc_col-sm-12\"><div class=\"vc_column-inner\"><div class=\"wpb_wrapper\">\n\t<div class=\"wpb_raw_code wpb_content_element wpb_raw_html\" >\n\t\t<div class=\"wpb_wrapper\">\n\t\t\t<a id=\"button\"><\/a>\n\n<script>\nvar btn = jQuery('#button');\n\njQuery(window).scroll(function() {\n  if (jQuery(window).scrollTop() > 10) {\n    btn.addClass('show');\n  } else {\n    btn.removeClass('show');\n  }\n});\n\nbtn.on('click', function(e) {\n  e.preventDefault();\n  jQuery('html, body').animate({scrollTop:0}, '300');\n});\n<\/script>\n\t\t<\/div>\n\t<\/div>\n<\/div><\/div><\/div><\/div>","protected":false},"excerpt":{"rendered":"Natural Health Products &amp; Pharma Better Ch\u00f8ices A better way to practice care Regulatory\u00a0...","protected":false},"author":1,"featured_media":0,"parent":0,"menu_order":0,"comment_status":"closed","ping_status":"closed","template":"","meta":{"_mi_skip_tracking":false,"_monsterinsights_sitenote_active":false,"_monsterinsights_sitenote_note":"","_monsterinsights_sitenote_category":0,"footnotes":""},"class_list":["post-5648653","page","type-page","status-publish","hentry"],"aioseo_notices":[],"_links":{"self":[{"href":"https:\/\/igaviascience.com\/es\/wp-json\/wp\/v2\/pages\/5648653","targetHints":{"allow":["GET"]}}],"collection":[{"href":"https:\/\/igaviascience.com\/es\/wp-json\/wp\/v2\/pages"}],"about":[{"href":"https:\/\/igaviascience.com\/es\/wp-json\/wp\/v2\/types\/page"}],"author":[{"embeddable":true,"href":"https:\/\/igaviascience.com\/es\/wp-json\/wp\/v2\/users\/1"}],"replies":[{"embeddable":true,"href":"https:\/\/igaviascience.com\/es\/wp-json\/wp\/v2\/comments?post=5648653"}],"version-history":[{"count":16,"href":"https:\/\/igaviascience.com\/es\/wp-json\/wp\/v2\/pages\/5648653\/revisions"}],"predecessor-version":[{"id":5648662,"href":"https:\/\/igaviascience.com\/es\/wp-json\/wp\/v2\/pages\/5648653\/revisions\/5648662"}],"wp:attachment":[{"href":"https:\/\/igaviascience.com\/es\/wp-json\/wp\/v2\/media?parent=5648653"}],"curies":[{"name":"wp","href":"https:\/\/api.w.org\/{rel}","templated":true}]}}