{"id":5648724,"date":"2023-08-28T14:11:33","date_gmt":"2023-08-28T17:11:33","guid":{"rendered":"https:\/\/igaviascience.com\/?page_id=5648724"},"modified":"2023-09-01T23:38:55","modified_gmt":"2023-09-02T02:38:55","slug":"guia-de-exportacion","status":"publish","type":"page","link":"https:\/\/igaviascience.com\/ja\/guia-de-exportacion\/","title":{"rendered":"Gu\u00eda Exportaci\u00f3n Espa\u00f1a a Estados Unidos"},"content":{"rendered":"<section class=\"vc_section sectionPages2\"><div data-vc-full-width=\"true\" data-vc-full-width-init=\"false\" class=\"vc_row wpb_row vc_row-fluid MB30 vc_custom_1693318210564 vc_row-has-fill vc_row-o-full-height vc_row-o-columns-middle vc_row-o-content-middle vc_row-flex\"><div class=\"wpb_column vc_column_container vc_col-sm-12\"><div class=\"vc_column-inner vc_custom_1693572445207\"><div class=\"wpb_wrapper\">\n\t<div class=\"wpb_text_column wpb_content_element\" >\n\t\t<div class=\"wpb_wrapper\">\n\t\t\t<div class=\"container-main\">\n<div style=\"display: flex; justify-content: center; align-items: center;\">\n<img loading=\"lazy\" decoding=\"async\" class=\"aligncenter\" src=\"https:\/\/igaviascience.com\/wp-content\/uploads\/2023\/08\/flags-removebg-preview.png\" width=\"206\" height=\"72\" \/><\/div>\n<h1 class=\"title-main\" style=\"text-align: center;\"><span style=\"color: #ffffff;\">GU\u00cdA PARA EXPORTAR PRODUCTOS SANITARIOS DE ESPA\u00d1A A LOS ESTADOS UNIDOS<\/span><\/h1>\n<p style=\"text-align: center; font-size: 18px;\"><span style=\"color: #ffffff;\">Realizada por IGAVIA Science<\/span><\/p>\n<\/div>\n\n\t\t<\/div>\n\t<\/div>\n<\/div><\/div><\/div><\/div><div class=\"vc_row-full-width vc_clearfix\"><\/div><div id=\"guideRow\" class=\"vc_row wpb_row vc_row-fluid vc_custom_1693621655257 vc_row-o-equal-height vc_row-o-content-top vc_row-flex\"><div class=\"wpb_column vc_column_container vc_col-sm-6\"><div class=\"vc_column-inner\"><div class=\"wpb_wrapper\"><div class=\"norebro-heading-sc heading text-center\"\n\tid=\"norebro-custom-69f2acd969ebc\" \n\t \n\t>\n\t\n\t\n\t\n\t<h3 class=\"title\">\n\t\t\u00a1Descubre el paso a paso!\t<\/h3>\n\n\t\n\t\t\t<p class=\"subtitle\">\n\t\t\t\t\t<\/p>\n\t\t\n<\/div>\n\t<div class=\"wpb_text_column wpb_content_element\" >\n\t\t<div class=\"wpb_wrapper\">\n\t\t\t<p>Exportar productos sanitarios de Espa\u00f1a a los Estados Unidos puede ser una oportunidad emocionante para expandir tu mercado y contribuir al cuidado de la salud en otro pa\u00eds.<\/p>\n<p>Sin embargo, este proceso implica una serie de pasos cruciales para garantizar que tus productos cumplan con las regulaciones y requisitos de la Administraci\u00f3n de Alimentos y Medicamentos (FDA) de los Estados Unidos.<\/p>\n<p><strong>Esta gu\u00eda ha sido creada para proporcionarte una visi\u00f3n general de los pasos esenciales que debes seguir para exportar con \u00e9xito tus productos sanitarios a este mercado exigente y competitivo.<\/strong><\/p>\n\n\t\t<\/div>\n\t<\/div>\n<\/div><\/div><\/div><div class=\"wpb_column vc_column_container vc_col-sm-6\"><div class=\"vc_column-inner\"><div class=\"wpb_wrapper\"><div class=\"norebro-heading-sc heading subtitles3x birret text-center\"\n\tid=\"norebro-custom-69f2acd96a1e9\" \n\t \n\t>\n\t\n\t\n\t\n\t<h2 class=\"title\">\n\t\tCompleta el formulario y recibe la gu\u00eda\t<\/h2>\n\n\t\n\t\t\n<\/div>\n\t<div class=\"wpb_text_column wpb_content_element\" >\n\t\t<div class=\"wpb_wrapper\">\n\t\t\t<div role=\"form\" class=\"wpcf7\" id=\"wpcf7-f5648762-o1\" lang=\"es-AR\" dir=\"ltr\">\n<div class=\"screen-reader-response\"><\/div>\n<form action=\"\/ja\/wp-json\/wp\/v2\/pages\/5648724#wpcf7-f5648762-o1\" method=\"post\" class=\"wpcf7-form\" novalidate=\"novalidate\" data-trp-original-action=\"\/ja\/wp-json\/wp\/v2\/pages\/5648724#wpcf7-f5648762-o1\">\n<div style=\"display: none;\">\n<input type=\"hidden\" name=\"_wpcf7\" value=\"5648762\" \/>\n<input type=\"hidden\" name=\"_wpcf7_version\" value=\"5.1.7\" \/>\n<input type=\"hidden\" name=\"_wpcf7_locale\" value=\"es_AR\" \/>\n<input type=\"hidden\" name=\"_wpcf7_unit_tag\" value=\"wpcf7-f5648762-o1\" \/>\n<input type=\"hidden\" name=\"_wpcf7_container_post\" value=\"0\" \/>\n<input type=\"hidden\" name=\"g-recaptcha-response\" value=\"\" \/>\n<\/div>\n<div id=\"responsive-form\" class=\"clearfix\">\n<div class=\"form-row\">\n<div class=\"column-half\"><span class=\"wpcf7-form-control-wrap your-name\"><input type=\"text\" name=\"your-name\" value=\"\" size=\"40\" class=\"wpcf7-form-control wpcf7-text wpcf7-validates-as-required\" aria-required=\"true\" aria-invalid=\"false\" placeholder=\"Name*\" \/><\/span> <\/div>\n<div class=\"column-half\"><span class=\"wpcf7-form-control-wrap your-email\"><input type=\"email\" name=\"your-email\" value=\"\" size=\"40\" class=\"wpcf7-form-control wpcf7-text wpcf7-email wpcf7-validates-as-required wpcf7-validates-as-email\" aria-required=\"true\" aria-invalid=\"false\" placeholder=\"Email Address*\" \/><\/span><\/div>\n<\/div>\n<div class=\"form-row\">\n<div class=\"column-half\"><span class=\"wpcf7-form-control-wrap your-phone\"><input type=\"text\" name=\"your-phone\" value=\"\" size=\"40\" class=\"wpcf7-form-control wpcf7-text wpcf7-validates-as-required\" aria-required=\"true\" aria-invalid=\"false\" placeholder=\"Phone*\" \/><\/span> <\/div>\n<div class=\"column-half\"><span class=\"wpcf7-form-control-wrap your-area\"><select name=\"your-area\" class=\"wpcf7-form-control wpcf7-select wpcf7-validates-as-required\" aria-required=\"true\" aria-invalid=\"false\"><option value=\"\">Project Area*<\/option><option value=\"Cosmetics\">\u5316\u7ca7\u54c1<\/option><option value=\"Medical Devices\">\u533b\u7642\u6a5f\u5668<\/option><option value=\"OTC\">OTC<\/option><option value=\"Natural Medicine\">Natural Medicine<\/option><option value=\"Sanitizers\">Sanitizers<\/option><option value=\"Disinfectants\">Disinfectants<\/option><\/select><\/span><\/div>\n<\/div>\n<div class=\"form-row\">\n<div class=\"column-full\"><span class=\"wpcf7-form-control-wrap your-company\"><input type=\"text\" name=\"your-company\" value=\"\" size=\"40\" class=\"wpcf7-form-control wpcf7-text wpcf7-validates-as-required\" aria-required=\"true\" aria-invalid=\"false\" placeholder=\"Company Name*\" \/><\/span> <\/div>\n<\/div>\n<div class=\"form-row\">\n\n<div class=\"column-full\"><input type=\"submit\" value=\"Download Now\" class=\"wpcf7-form-control wpcf7-submit\" \/><\/div>\n<\/div>\n<\/div>\n<div class=\"wpcf7-response-output wpcf7-display-none\"><\/div><input type=\"hidden\" name=\"trp-form-language\" value=\"ja\"\/><\/form><\/div>\n\n\t\t<\/div>\n\t<\/div>\n<\/div><\/div><\/div><\/div><div data-vc-full-width=\"true\" data-vc-full-width-init=\"false\" class=\"vc_row wpb_row vc_row-fluid MB30 vc_custom_1693572077368 vc_row-has-fill vc_row-o-full-height vc_row-o-columns-middle vc_row-flex\"><div class=\"image-gestion wpb_column vc_column_container vc_col-sm-12\"><div class=\"vc_column-inner vc_custom_1693572871265\"><div class=\"wpb_wrapper\"><div class=\"norebro-text-sc\" \n\tid=\"norebro-custom-69f2acd96b3f5\" \n\t \n\t>\n\n\t<h2 class=\"title-secondary\" style=\"text-align: center;\"><span style=\"color: #ffffff;\">DESDE IGAVIA SCIENCE, GESTIONAMOS CADA PASO POR TI. AHORRAR\u00c1S TIEMPO Y DINERO Y SEREMOS TUS OJOS DE CONFIANZA EN EE.UU.<\/span><\/h2>\n\t\n<\/div><\/div><\/div><\/div><\/div><div class=\"vc_row-full-width vc_clearfix\"><\/div><\/section>","protected":false},"excerpt":{"rendered":"GU\u00cdA PARA EXPORTAR PRODUCTOS SANITARIOS DE ESPA\u00d1A A LOS ESTADOS UNIDOS Realizada por IGAVIA...","protected":false},"author":1,"featured_media":0,"parent":0,"menu_order":0,"comment_status":"closed","ping_status":"closed","template":"","meta":{"_mi_skip_tracking":false,"_monsterinsights_sitenote_active":false,"_monsterinsights_sitenote_note":"","_monsterinsights_sitenote_category":0,"footnotes":""},"class_list":["post-5648724","page","type-page","status-publish","hentry"],"aioseo_notices":[],"_links":{"self":[{"href":"https:\/\/igaviascience.com\/ja\/wp-json\/wp\/v2\/pages\/5648724","targetHints":{"allow":["GET"]}}],"collection":[{"href":"https:\/\/igaviascience.com\/ja\/wp-json\/wp\/v2\/pages"}],"about":[{"href":"https:\/\/igaviascience.com\/ja\/wp-json\/wp\/v2\/types\/page"}],"author":[{"embeddable":true,"href":"https:\/\/igaviascience.com\/ja\/wp-json\/wp\/v2\/users\/1"}],"replies":[{"embeddable":true,"href":"https:\/\/igaviascience.com\/ja\/wp-json\/wp\/v2\/comments?post=5648724"}],"version-history":[{"count":64,"href":"https:\/\/igaviascience.com\/ja\/wp-json\/wp\/v2\/pages\/5648724\/revisions"}],"predecessor-version":[{"id":5648819,"href":"https:\/\/igaviascience.com\/ja\/wp-json\/wp\/v2\/pages\/5648724\/revisions\/5648819"}],"wp:attachment":[{"href":"https:\/\/igaviascience.com\/ja\/wp-json\/wp\/v2\/media?parent=5648724"}],"curies":[{"name":"wp","href":"https:\/\/api.w.org\/{rel}","templated":true}]}}